{"id":165,"date":"2016-08-21T20:15:20","date_gmt":"2016-08-21T18:15:20","guid":{"rendered":"https:\/\/neu.polobentheim.de\/en\/?page_id=165"},"modified":"2016-08-21T20:15:20","modified_gmt":"2016-08-21T18:15:20","slug":"youpolobentheim","status":"publish","type":"page","link":"https:\/\/www.polobentheim.de\/en\/youpolobentheim\/","title":{"rendered":"YOU@PoloBentheim"},"content":{"rendered":"<p>Der Hubertushof in Bad Bentheim bietet Ihnen diverse M\u00f6glichkeiten, mit uns die Natur und den Polo-Sport zu genie\u00dfen.<\/p>\n<p>So k\u00f6nnen Sie beispielsweise<\/p>\n<ul>\n<li>als Sponsor auf einem Polotunier auftreten<\/li>\n<li>auf dem Polohof Ihre Business-Konferenz oder Ihren Workshop abhalten<\/li>\n<li>Ihr Fest in unserer legend\u00e4ren Party-Scheune feiern<\/li>\n<li>das G\u00e4stehaus zur Unterkunft mieten und einen traumhaften Urlaub verbringen<\/li>\n<\/ul>\n<p>Treten Sie bei Interesse dazu direkt mit uns in Kontakt:<\/p>\n<p><em>Dorothea van Delden<\/em><br \/>\n<em><a href=\"mailto:dorovandelden@web.de\">dorovandelden@web.de<\/a><br \/>\n05922\/988515<\/em><\/p>\n","protected":false},"excerpt":{"rendered":"<p>Der Hubertushof in Bad Bentheim bietet Ihnen diverse M\u00f6glichkeiten, mit uns die Natur und den Polo-Sport zu genie\u00dfen. So k\u00f6nnen Sie beispielsweise als Sponsor auf einem Polotunier auftreten auf dem Polohof Ihre Business-Konferenz oder Ihren Workshop abhalten Ihr Fest in unserer legend\u00e4ren Party-Scheune feiern das G\u00e4stehaus zur Unterkunft mieten und einen traumhaften Urlaub verbringen Treten&#8230;<\/p>\n","protected":false},"author":1,"featured_media":0,"parent":0,"menu_order":0,"comment_status":"closed","ping_status":"closed","template":"","meta":{"footnotes":""},"_links":{"self":[{"href":"https:\/\/www.polobentheim.de\/en\/wp-json\/wp\/v2\/pages\/165"}],"collection":[{"href":"https:\/\/www.polobentheim.de\/en\/wp-json\/wp\/v2\/pages"}],"about":[{"href":"https:\/\/www.polobentheim.de\/en\/wp-json\/wp\/v2\/types\/page"}],"author":[{"embeddable":true,"href":"https:\/\/www.polobentheim.de\/en\/wp-json\/wp\/v2\/users\/1"}],"replies":[{"embeddable":true,"href":"https:\/\/www.polobentheim.de\/en\/wp-json\/wp\/v2\/comments?post=165"}],"version-history":[{"count":0,"href":"https:\/\/www.polobentheim.de\/en\/wp-json\/wp\/v2\/pages\/165\/revisions"}],"wp:attachment":[{"href":"https:\/\/www.polobentheim.de\/en\/wp-json\/wp\/v2\/media?parent=165"}],"curies":[{"name":"wp","href":"https:\/\/api.w.org\/{rel}","templated":true}]}}